{"id":23,"date":"2025-09-19T19:01:43","date_gmt":"2025-09-19T19:01:43","guid":{"rendered":"https:\/\/mariage.cognat.fr\/?page_id=23"},"modified":"2025-09-25T19:57:50","modified_gmt":"2025-09-25T18:57:50","slug":"accueil","status":"publish","type":"page","link":"https:\/\/mariage.cognat.fr\/","title":{"rendered":"Accueil"},"content":{"rendered":"\n<div class=\"alignnormal\"><div id=\"metaslider-id-168\" style=\"width: 100%;\" class=\"ml-slider-3-101-0 metaslider metaslider-flex metaslider-168 ml-slider has-dots-nav ms-theme-default-base\" role=\"region\" aria-label=\"chateaubasaumelas\" data-height=\"300\" data-width=\"700\">\n    <div id=\"metaslider_container_168\">\n        <div id=\"metaslider_168\">\n            <ul aria-live='off' class='slides'>\n                <li style=\"display: block; width: 100%;\" class=\"slide-169 ms-image \" aria-roledescription=\"slide\" data-date=\"2025-09-19 22:09:52\"><img loading=\"lazy\" decoding=\"async\" src=\"https:\/\/mariage.cognat.fr\/wp-content\/uploads\/2025\/09\/NathalieetRomain-Le21mai2022-pelut.charlene-1247-700x300.jpg\" height=\"300\" width=\"700\" alt=\"\" class=\"slider-168 slide-169 msDefaultImage\" title=\"NathalieetRomain-Le21mai2022-pelut.charlene-1247\" \/><\/li>\n                <li style=\"display: none; width: 100%;\" class=\"slide-170 ms-image \" aria-roledescription=\"slide\" data-date=\"2025-09-19 22:09:52\"><img loading=\"lazy\" decoding=\"async\" src=\"https:\/\/mariage.cognat.fr\/wp-content\/uploads\/2025\/09\/NathalieetRomain-Le21mai2022-pelut.charlene-415-700x300.jpg\" height=\"300\" width=\"700\" alt=\"\" class=\"slider-168 slide-170 msDefaultImage\" title=\"NathalieetRomain-Le21mai2022-pelut.charlene-415\" \/><\/li>\n                <li style=\"display: none; width: 100%;\" class=\"slide-171 ms-image \" aria-roledescription=\"slide\" data-date=\"2025-09-19 22:09:52\"><img loading=\"lazy\" decoding=\"async\" src=\"https:\/\/mariage.cognat.fr\/wp-content\/uploads\/2025\/09\/NathalieetRomain-Le21mai2022-pelut.charlene-1312-700x300.jpg\" height=\"300\" width=\"700\" alt=\"\" class=\"slider-168 slide-171 msDefaultImage\" title=\"NathalieetRomain-Le21mai2022-pelut.charlene-1312\" \/><\/li>\n                <li style=\"display: none; width: 100%;\" class=\"slide-172 ms-image \" aria-roledescription=\"slide\" data-date=\"2025-09-19 22:09:52\"><img loading=\"lazy\" decoding=\"async\" src=\"https:\/\/mariage.cognat.fr\/wp-content\/uploads\/2025\/09\/Florence_Fabien-95-1024x683-1-700x300.jpg\" height=\"300\" width=\"700\" alt=\"\" class=\"slider-168 slide-172 msDefaultImage\" title=\"Florence_Fabien-95-1024x683\" \/><\/li>\n                <li style=\"display: none; width: 100%;\" class=\"slide-173 ms-image \" aria-roledescription=\"slide\" data-date=\"2025-09-19 22:09:52\"><img loading=\"lazy\" decoding=\"async\" src=\"https:\/\/mariage.cognat.fr\/wp-content\/uploads\/2025\/09\/DSC04661-1024x682-1-700x300.jpg\" height=\"300\" width=\"700\" alt=\"\" class=\"slider-168 slide-173 msDefaultImage\" title=\"DSC04661-1024x682\" \/><\/li>\n            <\/ul>\n        <\/div>\n        \n    <\/div>\n<\/div><\/div>\n\n\n\n<p class=\"has-text-align-center has-text-color has-link-color has-x-large-font-size wp-elements-0c659d037007c9b3f0a71322cf19427b\" style=\"color:#ffd900d9\"><strong><mark style=\"background-color:rgba(0, 0, 0, 0)\" class=\"has-inline-color has-luminous-vivid-amber-color\">25 l 10 I 25<\/mark><\/strong><\/p>\n\n\n\n<p class=\"has-text-align-center has-text-color has-link-color has-x-large-font-size wp-elements-5244dab3fa78d80af6d4c9604d62e62d\" style=\"color:#ffd900d9\"><mark style=\"background-color:rgba(0, 0, 0, 0)\" class=\"has-inline-color has-luminous-vivid-amber-color\"><strong> <\/strong><\/mark><\/p>\n\n\n\n<figure class=\"wp-block-pullquote\"><blockquote><p><mark style=\"background-color:rgba(0, 0, 0, 0);color:#666666\" class=\"has-inline-color\">Vous pensiez que cela n&rsquo;arriverait jamais et pourtant c&rsquo;est bien vrai ! Rejoignez-nous dans le compte \u00e0 rebours qui nous s\u00e9pare de notre mariage! <\/mark><br><br><mark style=\"background-color:rgba(0, 0, 0, 0);color:#666666\" class=\"has-inline-color\">Vous devriez trouver sur ces quelques pages toutes les informations li\u00e9es \u00e0 ce week-end \u00e0 venir. <\/mark><br><mark style=\"background-color:rgba(0, 0, 0, 0);color:#666666\" class=\"has-inline-color\"><\/mark><\/p><\/blockquote><\/figure>\n\n\n\n<div class=\"wp-block-cover is-light has-custom-content-position is-position-top-center\" style=\"min-height:744px;aspect-ratio:unset;\"><img loading=\"lazy\" decoding=\"async\" width=\"768\" height=\"1024\" class=\"wp-block-cover__image-background wp-image-7 size-large\" alt=\"\" src=\"http:\/\/mariage.cognat.fr\/wp-content\/uploads\/2025\/09\/WhatsApp-Image-2025-09-18-at-10.58.17-768x1024.jpeg\" style=\"object-position:67% 72%\" data-object-fit=\"cover\" data-object-position=\"67% 72%\" srcset=\"https:\/\/mariage.cognat.fr\/wp-content\/uploads\/2025\/09\/WhatsApp-Image-2025-09-18-at-10.58.17-768x1024.jpeg 768w, https:\/\/mariage.cognat.fr\/wp-content\/uploads\/2025\/09\/WhatsApp-Image-2025-09-18-at-10.58.17-225x300.jpeg 225w, https:\/\/mariage.cognat.fr\/wp-content\/uploads\/2025\/09\/WhatsApp-Image-2025-09-18-at-10.58.17-1152x1536.jpeg 1152w, https:\/\/mariage.cognat.fr\/wp-content\/uploads\/2025\/09\/WhatsApp-Image-2025-09-18-at-10.58.17.jpeg 1200w\" sizes=\"auto, (max-width: 768px) 100vw, 768px\" \/><span aria-hidden=\"true\" class=\"wp-block-cover__background has-background-dim\" style=\"background-color:#b7afad\"><\/span><div class=\"wp-block-cover__inner-container is-layout-constrained wp-block-cover-is-layout-constrained\">\n<p class=\"has-text-align-center has-large-font-size\"><mark style=\"background-color:rgba(0, 0, 0, 0);color:#666666\" class=\"has-inline-color\">Dans l&rsquo;attente de tous vous retrouver et de faire la f\u00eate ensemble.<\/mark><\/p>\n<\/div><\/div>\n","protected":false},"excerpt":{"rendered":"<p>25 l 10 I 25 Vous pensiez que cela n&rsquo;arriverait jamais et pourtant c&rsquo;est bien vrai ! Rejoignez-nous dans le compte \u00e0 rebours qui nous s\u00e9pare de notre mariage! Vous devriez trouver sur ces quelques pages toutes les informations li\u00e9es \u00e0 ce week-end \u00e0 venir.<\/p>\n","protected":false},"author":1,"featured_media":7,"parent":0,"menu_order":1,"comment_status":"closed","ping_status":"closed","template":"","meta":{"footnotes":""},"class_list":["post-23","page","type-page","status-publish","has-post-thumbnail","hentry"],"_links":{"self":[{"href":"https:\/\/mariage.cognat.fr\/index.php\/wp-json\/wp\/v2\/pages\/23","targetHints":{"allow":["GET"]}}],"collection":[{"href":"https:\/\/mariage.cognat.fr\/index.php\/wp-json\/wp\/v2\/pages"}],"about":[{"href":"https:\/\/mariage.cognat.fr\/index.php\/wp-json\/wp\/v2\/types\/page"}],"author":[{"embeddable":true,"href":"https:\/\/mariage.cognat.fr\/index.php\/wp-json\/wp\/v2\/users\/1"}],"replies":[{"embeddable":true,"href":"https:\/\/mariage.cognat.fr\/index.php\/wp-json\/wp\/v2\/comments?post=23"}],"version-history":[{"count":45,"href":"https:\/\/mariage.cognat.fr\/index.php\/wp-json\/wp\/v2\/pages\/23\/revisions"}],"predecessor-version":[{"id":323,"href":"https:\/\/mariage.cognat.fr\/index.php\/wp-json\/wp\/v2\/pages\/23\/revisions\/323"}],"wp:featuredmedia":[{"embeddable":true,"href":"https:\/\/mariage.cognat.fr\/index.php\/wp-json\/wp\/v2\/media\/7"}],"wp:attachment":[{"href":"https:\/\/mariage.cognat.fr\/index.php\/wp-json\/wp\/v2\/media?parent=23"}],"curies":[{"name":"wp","href":"https:\/\/api.w.org\/{rel}","templated":true}]}}