{"id":29,"date":"2025-09-19T19:06:56","date_gmt":"2025-09-19T19:06:56","guid":{"rendered":"https:\/\/mariage.cognat.fr\/?page_id=29"},"modified":"2025-09-30T20:26:14","modified_gmt":"2025-09-30T19:26:14","slug":"cadeaux","status":"publish","type":"page","link":"https:\/\/mariage.cognat.fr\/index.php\/cadeaux\/","title":{"rendered":"Cadeaux"},"content":{"rendered":"\n<div style=\"height:45px\" aria-hidden=\"true\" class=\"wp-block-spacer\"><\/div>\n\n\n\n<div class=\"alignnormal\"><div id=\"metaslider-id-128\" style=\"width: 100%;\" class=\"ml-slider-3-101-0 metaslider metaslider-flex metaslider-128 ml-slider has-dots-nav ms-theme-default-base\" role=\"region\" aria-label=\"Nouvelle Z\u00e9lande\" data-height=\"512\" data-width=\"1280\">\n    <div id=\"metaslider_container_128\">\n        <div id=\"metaslider_128\">\n            <ul aria-live='off' class='slides'>\n                <li style=\"display: block; width: 100%;\" class=\"slide-129 ms-image \" aria-roledescription=\"slide\" data-date=\"2025-09-19 21:38:13\"><img loading=\"lazy\" decoding=\"async\" src=\"https:\/\/mariage.cognat.fr\/wp-content\/uploads\/2025\/09\/entete_img_nouvelle.zelande_sail_nz_4_nzl_40_sky_tower1.jpg\" height=\"512\" width=\"1280\" alt=\"\" class=\"slider-128 slide-129 msDefaultImage\" title=\"entete_img_nouvelle.zelande_sail_nz_4_nzl_40_sky_tower[1]\" \/><\/li>\n                <li style=\"display: none; width: 100%;\" class=\"slide-130 ms-image \" aria-roledescription=\"slide\" data-date=\"2025-09-19 21:38:13\"><img loading=\"lazy\" decoding=\"async\" src=\"https:\/\/mariage.cognat.fr\/wp-content\/uploads\/2025\/09\/entete_img_nouvelle_zelande_fiordland_milford_track_giants_gate_falls1.jpg\" height=\"512\" width=\"1280\" alt=\"\" class=\"slider-128 slide-130 msDefaultImage\" title=\"entete_img_nouvelle_zelande_fiordland_milford_track_giants_gate_falls[1]\" \/><\/li>\n                <li style=\"display: none; width: 100%;\" class=\"slide-131 ms-image \" aria-roledescription=\"slide\" data-date=\"2025-09-19 21:38:13\"><img loading=\"lazy\" decoding=\"async\" src=\"https:\/\/mariage.cognat.fr\/wp-content\/uploads\/2025\/09\/entete_img_nouvelle_zelande_wellington_cable_car_ian_trafford1.jpg\" height=\"512\" width=\"1280\" alt=\"\" class=\"slider-128 slide-131 msDefaultImage\" title=\"entete_img_nouvelle_zelande_wellington_cable_car_ian_trafford[1]\" \/><\/li>\n                <li style=\"display: none; width: 100%;\" class=\"slide-132 ms-image \" aria-roledescription=\"slide\" data-date=\"2025-09-19 21:38:13\"><img loading=\"lazy\" decoding=\"async\" src=\"https:\/\/mariage.cognat.fr\/wp-content\/uploads\/2025\/09\/entete_img_nouvelle_zelande_marlborough_sounds_rob_suisted1.jpg\" height=\"512\" width=\"1280\" alt=\"\" class=\"slider-128 slide-132 msDefaultImage\" title=\"entete_img_nouvelle_zelande_marlborough_sounds_rob_suisted[1]\" \/><\/li>\n                <li style=\"display: none; width: 100%;\" class=\"slide-133 ms-image \" aria-roledescription=\"slide\" data-date=\"2025-09-19 21:38:13\"><img loading=\"lazy\" decoding=\"async\" src=\"https:\/\/mariage.cognat.fr\/wp-content\/uploads\/2025\/09\/entete_img_nouvelle_zelande_abel_tasman_golden_bay_wharariki_beach1.jpg\" height=\"512\" width=\"1280\" alt=\"\" class=\"slider-128 slide-133 msDefaultImage\" title=\"entete_img_nouvelle_zelande_abel_tasman_golden_bay_wharariki_beach[1]\" \/><\/li>\n                <li style=\"display: none; width: 100%;\" class=\"slide-134 ms-image \" aria-roledescription=\"slide\" data-date=\"2025-09-19 21:38:13\"><img loading=\"lazy\" decoding=\"async\" src=\"https:\/\/mariage.cognat.fr\/wp-content\/uploads\/2025\/09\/entete_img_nouvelle_zelande_tongariro_national_park_gareth_eyres1.jpg\" height=\"512\" width=\"1280\" alt=\"\" class=\"slider-128 slide-134 msDefaultImage\" title=\"entete_img_nouvelle_zelande_tongariro_national_park_gareth_eyres[1]\" \/><\/li>\n                <li style=\"display: none; width: 100%;\" class=\"slide-135 ms-image \" aria-roledescription=\"slide\" data-date=\"2025-09-19 21:38:13\"><img loading=\"lazy\" decoding=\"async\" src=\"https:\/\/mariage.cognat.fr\/wp-content\/uploads\/2025\/09\/entete_img_nouvelle_zelande_abel_tasman_kayakers21.jpg\" height=\"512\" width=\"1280\" alt=\"\" class=\"slider-128 slide-135 msDefaultImage\" title=\"entete_img_nouvelle_zelande_abel_tasman_kayakers2[1]\" \/><\/li>\n                <li style=\"display: none; width: 100%;\" class=\"slide-136 ms-image \" aria-roledescription=\"slide\" data-date=\"2025-09-19 21:38:13\"><img loading=\"lazy\" decoding=\"async\" src=\"https:\/\/mariage.cognat.fr\/wp-content\/uploads\/2025\/09\/entete_img_nouvelle_zelande_fiordland_milford_sound_mirror_peak21.jpg\" height=\"512\" width=\"1280\" alt=\"\" class=\"slider-128 slide-136 msDefaultImage\" title=\"entete_img_nouvelle_zelande_fiordland_milford_sound_mirror_peak2[1]\" \/><\/li>\n            <\/ul>\n        <\/div>\n        \n    <\/div>\n<\/div><\/div>\n\n\n\n<div style=\"height:45px\" aria-hidden=\"true\" class=\"wp-block-spacer\"><\/div>\n\n\n\n<blockquote class=\"wp-block-quote is-layout-flow wp-block-quote-is-layout-flow\">\n<p><\/p>\n<\/blockquote>\n\n\n\n<figure class=\"wp-block-pullquote\" style=\"border-radius:0px\"><blockquote><p><mark style=\"background-color:rgba(0, 0, 0, 0);color:#666666\" class=\"has-inline-color\"><strong>Parce que vous avez \u00e9t\u00e9 quelques-uns \u00e0 nous poser la question, sachez que nous n&rsquo;avons pas fait de liste de mariage, toutefois si vous tenez \u00e0 nous faire un petit cadeau, nous mettrons une boite \u00e0 votre disposition au domaine et vous pourrez contribuer \u00e0 notre voyage de noces en Nouvelle Z\u00e9lande<\/strong>.<\/mark><\/p><\/blockquote><\/figure>\n\n\n\n<h1 class=\"wp-block-heading\"><mark style=\"background-color:rgba(0, 0, 0, 0)\" class=\"has-inline-color has-luminous-vivid-amber-color\">Cagnotte<\/mark><\/h1>\n\n\n\n<p><mark style=\"background-color:rgba(0, 0, 0, 0);color:#666666\" class=\"has-inline-color\"><strong>Vous souhaitez participer \u00e0 notre voyage sans attendre le jour J.<br>Renseignez le formulaire ci-dessous afin d&rsquo;obtenir les modalit\u00e9s de participation.<\/strong><\/mark><\/p>\n\n\n<style id=\"wpforms-css-vars-336-block-e8d9a455-1268-42b5-9ca3-7cfb18fbf107\">\n\t\t\t\t#wpforms-336.wpforms-block-e8d9a455-1268-42b5-9ca3-7cfb18fbf107 {\n\t\t\t\t--wpforms-field-border-color: #abb8c3;\n--wpforms-field-border-color-spare: #abb8c3;\n--wpforms-button-background-color: #fcb900;\n--wpforms-field-size-input-height: 43px;\n--wpforms-field-size-input-spacing: 15px;\n--wpforms-field-size-font-size: 16px;\n--wpforms-field-size-line-height: 19px;\n--wpforms-field-size-padding-h: 14px;\n--wpforms-field-size-checkbox-size: 16px;\n--wpforms-field-size-sublabel-spacing: 5px;\n--wpforms-field-size-icon-size: 1;\n--wpforms-label-size-font-size: 16px;\n--wpforms-label-size-line-height: 19px;\n--wpforms-label-size-sublabel-font-size: 14px;\n--wpforms-label-size-sublabel-line-height: 17px;\n--wpforms-button-size-font-size: 17px;\n--wpforms-button-size-height: 41px;\n--wpforms-button-size-padding-h: 15px;\n--wpforms-button-size-margin-top: 10px;\n\n\t\t\t}\n\t\t\t<\/style><div class=\"wpforms-container wpforms-container-full wpforms-block wpforms-block-e8d9a455-1268-42b5-9ca3-7cfb18fbf107 wpforms-render-modern\" id=\"wpforms-336\"><form id=\"wpforms-form-336\" class=\"wpforms-validate wpforms-form wpforms-ajax-form\" data-formid=\"336\" method=\"post\" enctype=\"multipart\/form-data\" action=\"\/index.php\/wp-json\/wp\/v2\/pages\/29\" data-token=\"fd135a1d8b0e4944abfad8eb6546beca\" data-token-time=\"1775571065\"><noscript class=\"wpforms-error-noscript\">Veuillez activer JavaScript dans votre navigateur pour remplir ce formulaire.<\/noscript><div id=\"wpforms-error-noscript\" style=\"display: none;\">Veuillez activer JavaScript dans votre navigateur pour remplir ce formulaire.<\/div><div class=\"wpforms-field-container\">\t\t<div id=\"wpforms-336-field_3-container\"\n\t\t\tclass=\"wpforms-field wpforms-field-text\"\n\t\t\tdata-field-type=\"text\"\n\t\t\tdata-field-id=\"3\"\n\t\t\t>\n\t\t\t<label class=\"wpforms-field-label\" for=\"wpforms-336-field_3\" >Name Email<\/label>\n\t\t\t<input type=\"text\" id=\"wpforms-336-field_3\" class=\"wpforms-field-medium\" name=\"wpforms[fields][3]\" >\n\t\t<\/div>\n\t\t<div id=\"wpforms-336-field_1-container\" class=\"wpforms-field wpforms-field-name\" data-field-id=\"1\"><fieldset><legend class=\"wpforms-field-label\">Name <span class=\"wpforms-required-label\" aria-hidden=\"true\">*<\/span><\/legend><div class=\"wpforms-field-row wpforms-field-medium\"><div class=\"wpforms-field-row-block wpforms-first wpforms-one-half\"><input type=\"text\" id=\"wpforms-336-field_1\" class=\"wpforms-field-name-first wpforms-field-required\" name=\"wpforms[fields][1][first]\" aria-errormessage=\"wpforms-336-field_1-error\" required><label for=\"wpforms-336-field_1\" class=\"wpforms-field-sublabel after\">Pr\u00e9nom<\/label><\/div><div class=\"wpforms-field-row-block wpforms-one-half\"><input type=\"text\" id=\"wpforms-336-field_1-last\" class=\"wpforms-field-name-last wpforms-field-required\" name=\"wpforms[fields][1][last]\" aria-errormessage=\"wpforms-336-field_1-last-error\" required><label for=\"wpforms-336-field_1-last\" class=\"wpforms-field-sublabel after\">Nom<\/label><\/div><\/div><\/fieldset><\/div><div id=\"wpforms-336-field_2-container\" class=\"wpforms-field wpforms-field-email\" data-field-id=\"2\"><label class=\"wpforms-field-label\" for=\"wpforms-336-field_2\">Email <span class=\"wpforms-required-label\" aria-hidden=\"true\">*<\/span><\/label><input type=\"email\" id=\"wpforms-336-field_2\" class=\"wpforms-field-medium wpforms-field-required\" name=\"wpforms[fields][2]\" spellcheck=\"false\" aria-errormessage=\"wpforms-336-field_2-error\" required><\/div><script>\n\t\t\t\t( function() {\n\t\t\t\t\tconst style = document.createElement( 'style' );\n\t\t\t\t\tstyle.appendChild( document.createTextNode( '#wpforms-336-field_3-container { position: absolute !important; overflow: hidden !important; display: inline !important; height: 1px !important; width: 1px !important; z-index: -1000 !important; padding: 0 !important; } #wpforms-336-field_3-container input { visibility: hidden; } #wpforms-conversational-form-page #wpforms-336-field_3-container label { counter-increment: none; }' ) );\n\t\t\t\t\tdocument.head.appendChild( style );\n\t\t\t\t\tdocument.currentScript?.remove();\n\t\t\t\t} )();\n\t\t\t<\/script><\/div><!-- .wpforms-field-container --><div class=\"wpforms-recaptcha-container wpforms-is-recaptcha wpforms-is-recaptcha-type-invisible\" ><div class=\"g-recaptcha\" data-sitekey=\"6Ld0xtErAAAAAN6q--jUzyfAexSTXBw4mEOGOyIH\" data-size=\"invisible\"><\/div><\/div><div class=\"wpforms-submit-container\" ><input type=\"hidden\" name=\"wpforms[id]\" value=\"336\"><input type=\"hidden\" name=\"page_title\" value=\"\"><input type=\"hidden\" name=\"page_url\" value=\"https:\/\/mariage.cognat.fr\/index.php\/wp-json\/wp\/v2\/pages\/29\"><input type=\"hidden\" name=\"url_referer\" value=\"\"><button type=\"submit\" name=\"wpforms[submit]\" id=\"wpforms-submit-336\" class=\"wpforms-submit\" data-alt-text=\"En cours ...\" data-submit-text=\"Envoyer\" aria-live=\"assertive\" value=\"wpforms-submit\">Envoyer<\/button><img loading=\"lazy\" decoding=\"async\" src=\"https:\/\/mariage.cognat.fr\/wp-content\/plugins\/wpforms-lite\/assets\/images\/submit-spin.svg\" class=\"wpforms-submit-spinner\" style=\"display: none;\" width=\"26\" height=\"26\" alt=\"Chargement en cours\"><\/div><\/form><\/div>  <!-- .wpforms-container -->\n\n\n<blockquote class=\"wp-block-quote is-layout-flow wp-block-quote-is-layout-flow\">\n<p><\/p>\n<\/blockquote>\n\n\n\n<p><\/p>\n","protected":false},"excerpt":{"rendered":"<p>Parce que vous avez \u00e9t\u00e9 quelques-uns \u00e0 nous poser la question, sachez que nous n&rsquo;avons pas fait de liste de mariage, toutefois si vous tenez \u00e0 nous faire un petit cadeau, nous mettrons une boite \u00e0 votre disposition au domaine et vous pourrez contribuer \u00e0 notre voyage de noces en Nouvelle Z\u00e9lande. Cagnotte Vous souhaitez<\/p>\n","protected":false},"author":1,"featured_media":0,"parent":0,"menu_order":4,"comment_status":"closed","ping_status":"closed","template":"","meta":{"footnotes":""},"class_list":["post-29","page","type-page","status-publish","hentry"],"_links":{"self":[{"href":"https:\/\/mariage.cognat.fr\/index.php\/wp-json\/wp\/v2\/pages\/29","targetHints":{"allow":["GET"]}}],"collection":[{"href":"https:\/\/mariage.cognat.fr\/index.php\/wp-json\/wp\/v2\/pages"}],"about":[{"href":"https:\/\/mariage.cognat.fr\/index.php\/wp-json\/wp\/v2\/types\/page"}],"author":[{"embeddable":true,"href":"https:\/\/mariage.cognat.fr\/index.php\/wp-json\/wp\/v2\/users\/1"}],"replies":[{"embeddable":true,"href":"https:\/\/mariage.cognat.fr\/index.php\/wp-json\/wp\/v2\/comments?post=29"}],"version-history":[{"count":25,"href":"https:\/\/mariage.cognat.fr\/index.php\/wp-json\/wp\/v2\/pages\/29\/revisions"}],"predecessor-version":[{"id":370,"href":"https:\/\/mariage.cognat.fr\/index.php\/wp-json\/wp\/v2\/pages\/29\/revisions\/370"}],"wp:attachment":[{"href":"https:\/\/mariage.cognat.fr\/index.php\/wp-json\/wp\/v2\/media?parent=29"}],"curies":[{"name":"wp","href":"https:\/\/api.w.org\/{rel}","templated":true}]}}